{"id":411,"date":"2018-10-11T19:55:15","date_gmt":"2018-10-11T18:55:15","guid":{"rendered":"https:\/\/www.bellagiocountrysideapartment.com\/bellagio-and-lake-como\/"},"modified":"2019-12-19T11:41:07","modified_gmt":"2019-12-19T11:41:07","slug":"bellagio-e-dintorni","status":"publish","type":"page","link":"https:\/\/www.bellagiocountrysideapartment.com\/it\/bellagio-e-dintorni\/","title":{"rendered":"Bellagio e Dintorni"},"content":{"rendered":"<section class=\"l-section wpb_row height_auto width_full\"><div class=\"l-section-h i-cf\"><div class=\"g-cols vc_row via_flex valign_top type_default stacking_default\"><div class=\"vc_col-sm-12 wpb_column vc_column_container\"><div class=\"vc_column-inner\"><div class=\"wpb_wrapper\"><\/div><\/div><\/div><\/div><\/div><\/section><section class=\"l-section wpb_row height_medium\"><div class=\"l-section-h i-cf\"><div class=\"g-cols vc_row via_flex valign_top type_default stacking_default\"><div class=\"vc_col-sm-12 wpb_column vc_column_container\"><div class=\"vc_column-inner\"><div class=\"wpb_wrapper\"><div class=\"g-cols wpb_row us_custom_b03c5298 via_flex valign_top type_default stacking_default\"><div class=\"vc_col-sm-12 wpb_column vc_column_container\"><div class=\"vc_column-inner\"><div class=\"wpb_wrapper\"><div class=\"wpb_text_column bellagio-content\"><div class=\"wpb_wrapper\"><h1>BELLAGIO E DINTORNI<\/h1>\n<p><!--\n\n\n\n\n<h2><i class=\"fal fa-user\"><\/i> 4 Guests <span class=\"acapo\"><i class=\"fal fa-bed\"><\/i> 2 Doublebedroom (air conditioned)<\/span>\u00a0<span class=\"acapo\"><i class=\"fal fa-utensil-fork\"><\/i> Peninsula kitchen<\/span> <span class=\"acapo\"><i class=\"fal fa-shower\"><\/i> 1 Bathroom<\/span> <span class=\"acapo\"><i class=\"fal fa-dumbbell\"><\/i> Gym<\/span> <span class=\"capo\"><i class=\"fal fa-eye\"><\/i> Lakeview terrace<\/span><\/h2>\n\n\n\n\n--><\/p>\n<\/div><\/div><div class=\"wpb_text_column bellagio-content\"><div class=\"wpb_wrapper\"><p><strong>Bellagio,<\/strong>\u00a0conosciuta anche come &#8220;La Perla del Lago di Como&#8221;, <strong>\u00e8 punto ideale di partenza<\/strong>\u00a0per le vostre escursioni e attivit\u00e0.<\/p>\n<p><strong>Una camminata per il centro del borgo <\/strong>costellato dalle tipiche strade e salite a ciottoli sar\u00e0 occasione per scoprire <strong>caff\u00e8, bar, ristoranti, negozi <\/strong>ae molti punti di interesse quali la parte terminale del promontorio, <strong>punto panoramico conosciuto come &#8220;La Punta&#8221;, e la cattedrale di San Giacomo\u00a0<\/strong>e l&#8217;area pedonale del lungolago.<\/p>\n<p>Suggeriamo in particolare i seguenti punti di interesse e escursioni adatte a tutti:<\/p>\n<\/div><\/div><\/div><\/div><\/div><\/div><div class=\"g-cols wpb_row us_custom_289f2588 via_flex valign_top type_default stacking_default\"><div class=\"vc_col-sm-6 wpb_column vc_column_container\"><div class=\"vc_column-inner\"><div class=\"wpb_wrapper\"><div class=\"wpb_text_column bellagio-content\"><div class=\"wpb_wrapper\"><h2>Madonna del Ghisallo (Magreglio)<\/h2>\n<\/div><\/div><div class=\"wpb_text_column bellagio-content\"><div class=\"wpb_wrapper\"><p><strong>Come arrivare: <a href=\"http:\/\/www.navigazionelaghi.it\/risultati.aspx?lake=Como\" target=\"_blank\" rel=\"noopener noreferrer\">in traghetto<\/a><\/strong><\/p>\n<p><strong>Punto di partenza Varenna per questa camminata panoramica,<\/strong>\u00a0si sviluppa lungo la parte alta della linea di costa del lago lungo un antico percorso immerso nella natura. Offre un panorama mozzafiato sul lago e <strong>termina in Bellano<\/strong>\u00a0dove non si pu\u00f2 mancare una <strong>visita al famoso &#8220;Orrido&#8221;,<\/strong>\u00a0una gola mozzafiato con vasche giganti e caverne dove i flutti si lanciano facendosi strada verso il lago. Da Bellano sarr\u00e0 possibile tornare in traghetto.<\/p>\n<p><strong>Maggiori informazioni:<\/strong> <a href=\"http:\/\/www.varennaturismo.com\/portfolios\/greenway-dei-patriarchi\/\" target=\"_blank\" rel=\"noopener noreferrer\">http:\/\/www.varennaturismo.com\/portfolios\/patriarchs-greenway-path<\/a><\/p>\n<\/div><\/div><\/div><\/div><\/div><div class=\"vc_col-sm-6 wpb_column vc_column_container\"><div class=\"vc_column-inner\"><div class=\"wpb_wrapper\"><div class=\"w-image align_center\"><a ref=\"magnificPopup\" href=\"https:\/\/www.bellagiocountrysideapartment.com\/wp-content\/uploads\/2019\/02\/bellagio_ghisallo.jpg\" aria-label=\"Appartamento Bellagio Countryside: Madonna del Ghisallo\" class=\"w-image-h\"><img decoding=\"async\" width=\"1200\" height=\"800\" src=\"https:\/\/www.bellagiocountrysideapartment.com\/wp-content\/uploads\/2019\/02\/bellagio_ghisallo.jpg\" class=\"attachment-us_1200_800_crop size-us_1200_800_crop\" alt=\"\" loading=\"lazy\" srcset=\"https:\/\/www.bellagiocountrysideapartment.com\/wp-content\/uploads\/2019\/02\/bellagio_ghisallo.jpg 1200w, https:\/\/www.bellagiocountrysideapartment.com\/wp-content\/uploads\/2019\/02\/bellagio_ghisallo-300x200.jpg 300w, https:\/\/www.bellagiocountrysideapartment.com\/wp-content\/uploads\/2019\/02\/bellagio_ghisallo-1024x683.jpg 1024w\" sizes=\"auto, (max-width: 1200px) 100vw, 1200px\" \/><\/a><\/div><\/div><\/div><\/div><\/div><div class=\"g-cols wpb_row us_custom_289f2588 via_flex valign_top type_default stacking_default\"><div class=\"vc_col-sm-6 wpb_column vc_column_container\"><div class=\"vc_column-inner\"><div class=\"wpb_wrapper\"><div class=\"w-image align_center\"><a ref=\"magnificPopup\" href=\"https:\/\/www.bellagiocountrysideapartment.com\/wp-content\/uploads\/2019\/02\/bellagio_sanprimo.jpg\" aria-label=\"Appartamento Bellagio Countryside: VIsta dalla cima del Monte San Primo\" class=\"w-image-h\"><img decoding=\"async\" width=\"1200\" height=\"800\" src=\"https:\/\/www.bellagiocountrysideapartment.com\/wp-content\/uploads\/2019\/02\/bellagio_sanprimo.jpg\" class=\"attachment-us_1200_800_crop size-us_1200_800_crop\" alt=\"\" loading=\"lazy\" srcset=\"https:\/\/www.bellagiocountrysideapartment.com\/wp-content\/uploads\/2019\/02\/bellagio_sanprimo.jpg 1200w, https:\/\/www.bellagiocountrysideapartment.com\/wp-content\/uploads\/2019\/02\/bellagio_sanprimo-300x200.jpg 300w, https:\/\/www.bellagiocountrysideapartment.com\/wp-content\/uploads\/2019\/02\/bellagio_sanprimo-1024x683.jpg 1024w\" sizes=\"auto, (max-width: 1200px) 100vw, 1200px\" \/><\/a><\/div><\/div><\/div><\/div><div class=\"vc_col-sm-6 wpb_column vc_column_container\"><div class=\"vc_column-inner\"><div class=\"wpb_wrapper\"><div class=\"wpb_text_column bellagio-content\"><div class=\"wpb_wrapper\"><h2>Cima del Monte San Primo (Bellagio)<\/h2>\n<\/div><\/div><div class=\"wpb_text_column bellagio-content\"><div class=\"wpb_wrapper\"><p><strong>Come arrivare: <a href=\"http:\/\/www.navigazionelaghi.it\/risultati.aspx?lake=Como\" target=\"_blank\" rel=\"noopener noreferrer\">in traghetto<\/a><\/strong><\/p>\n<p><strong>Punto di partenza Varenna per questa camminata panoramica,<\/strong>\u00a0si sviluppa lungo la parte alta della linea di costa del lago lungo un antico percorso immerso nella natura. Offre un panorama mozzafiato sul lago e <strong>termina in Bellano<\/strong>\u00a0dove non si pu\u00f2 mancare una <strong>visita al famoso &#8220;Orrido&#8221;,<\/strong>\u00a0una gola mozzafiato con vasche giganti e caverne dove i flutti si lanciano facendosi strada verso il lago. Da Bellano sarr\u00e0 possibile tornare in traghetto.<\/p>\n<p><strong>Maggiori informazioni:<\/strong> <a href=\"http:\/\/www.varennaturismo.com\/portfolios\/greenway-dei-patriarchi\/\" target=\"_blank\" rel=\"noopener noreferrer\">http:\/\/www.varennaturismo.com\/portfolios\/patriarchs-greenway-path<\/a><\/p>\n<\/div><\/div><\/div><\/div><\/div><\/div><div class=\"g-cols wpb_row us_custom_289f2588 via_flex valign_top type_default stacking_default\"><div class=\"vc_col-sm-6 wpb_column vc_column_container\"><div class=\"vc_column-inner\"><div class=\"wpb_wrapper\"><div class=\"wpb_text_column bellagio-content\"><div class=\"wpb_wrapper\"><h2>Greenway dei Patriarchi,\u00a0 &#8220;Sentiero del Viandante&#8221; (Varenna)<\/h2>\n<\/div><\/div><div class=\"wpb_text_column bellagio-content\"><div class=\"wpb_wrapper\"><p><strong>Come arrivare: <a href=\"http:\/\/www.navigazionelaghi.it\/risultati.aspx?lake=Como\" target=\"_blank\" rel=\"noopener noreferrer\">in traghetto<\/a><\/strong><\/p>\n<p><strong>Punto di partenza Varenna per questa camminata panoramica,<\/strong>\u00a0si sviluppa lungo la parte alta della linea di costa del lago lungo un antico percorso immerso nella natura. Offre un panorama mozzafiato sul lago e <strong>termina in Bellano<\/strong>\u00a0dove non si pu\u00f2 mancare una <strong>visita al famoso &#8220;Orrido&#8221;,<\/strong>\u00a0una gola mozzafiato con vasche giganti e caverne dove i flutti si lanciano facendosi strada verso il lago. Da Bellano sarr\u00e0 possibile tornare in traghetto.<\/p>\n<p><strong>Maggiori informazioni:<\/strong> <a href=\"http:\/\/www.varennaturismo.com\/portfolios\/greenway-dei-patriarchi\/\" target=\"_blank\" rel=\"noopener noreferrer\">http:\/\/www.varennaturismo.com\/portfolios\/patriarchs-greenway-path<\/a><\/p>\n<\/div><\/div><\/div><\/div><\/div><div class=\"vc_col-sm-6 wpb_column vc_column_container\"><div class=\"vc_column-inner\"><div class=\"wpb_wrapper\"><div class=\"w-image align_center\"><a ref=\"magnificPopup\" href=\"https:\/\/www.bellagiocountrysideapartment.com\/wp-content\/uploads\/2019\/02\/bellagio_viandante.jpg\" aria-label=\"Appartamento Bellagio Countryside: Sentiero del Viandante\" class=\"w-image-h\"><img decoding=\"async\" width=\"1200\" height=\"800\" src=\"https:\/\/www.bellagiocountrysideapartment.com\/wp-content\/uploads\/2019\/02\/bellagio_viandante.jpg\" class=\"attachment-us_1200_800_crop size-us_1200_800_crop\" alt=\"\" loading=\"lazy\" srcset=\"https:\/\/www.bellagiocountrysideapartment.com\/wp-content\/uploads\/2019\/02\/bellagio_viandante.jpg 1200w, https:\/\/www.bellagiocountrysideapartment.com\/wp-content\/uploads\/2019\/02\/bellagio_viandante-300x200.jpg 300w, https:\/\/www.bellagiocountrysideapartment.com\/wp-content\/uploads\/2019\/02\/bellagio_viandante-1024x683.jpg 1024w\" sizes=\"auto, (max-width: 1200px) 100vw, 1200px\" \/><\/a><\/div><\/div><\/div><\/div><\/div><div class=\"g-cols wpb_row us_custom_289f2588 via_flex valign_top type_default stacking_default\"><div class=\"vc_col-sm-6 wpb_column vc_column_container\"><div class=\"vc_column-inner\"><div class=\"wpb_wrapper\"><div class=\"w-image align_center\"><a ref=\"magnificPopup\" href=\"https:\/\/www.bellagiocountrysideapartment.com\/wp-content\/uploads\/2019\/02\/bellagio_villamelzi.jpg\" aria-label=\"Appartamento Bellagio Countryside: Villa Melzi d&#039;Eril\" class=\"w-image-h\"><img decoding=\"async\" width=\"1200\" height=\"800\" src=\"https:\/\/www.bellagiocountrysideapartment.com\/wp-content\/uploads\/2019\/02\/bellagio_villamelzi.jpg\" class=\"attachment-us_1200_800_crop size-us_1200_800_crop\" alt=\"\" loading=\"lazy\" srcset=\"https:\/\/www.bellagiocountrysideapartment.com\/wp-content\/uploads\/2019\/02\/bellagio_villamelzi.jpg 1200w, https:\/\/www.bellagiocountrysideapartment.com\/wp-content\/uploads\/2019\/02\/bellagio_villamelzi-300x200.jpg 300w, https:\/\/www.bellagiocountrysideapartment.com\/wp-content\/uploads\/2019\/02\/bellagio_villamelzi-1024x683.jpg 1024w\" sizes=\"auto, (max-width: 1200px) 100vw, 1200px\" \/><\/a><\/div><\/div><\/div><\/div><div class=\"vc_col-sm-6 wpb_column vc_column_container\"><div class=\"vc_column-inner\"><div class=\"wpb_wrapper\"><div class=\"wpb_text_column bellagio-content\"><div class=\"wpb_wrapper\"><h2>Giardini di Villa Melzi d&#8217;Eril (Bellagio)<\/h2>\n<\/div><\/div><div class=\"wpb_text_column bellagio-content\"><div class=\"wpb_wrapper\"><p><strong>Come arrivare: <a href=\"https:\/\/goo.gl\/maps\/gG5eZLLHskE2\" target=\"_blank\" rel=\"noopener noreferrer\">a piedi in 15 minuti<\/a><\/strong><\/p>\n<p><strong>Premiato come &#8220;Parco pi\u00f9 bello d&#8217;Italia&#8221; nell&#8217;anno 2016,<\/strong>\u00a0si trova al termine dell&#8217;area pedonale del lungolago di Bellagio, con ingresso a pagamento.<\/p>\n<p><strong>Si sviluppa lungo la costa mantenendo le colline del promontorio alle spalle,\u00a0<\/strong>offre differenti punti di interesse architettonico e l&#8217;omonima villa che include anche un piccolo museo napoleonico.<\/p>\n<p><strong>Il giardino, uno dei pi\u00f9 preziosi del Lago di Como, contiene essenze rare ed esotiche.<\/strong><\/p>\n<p><strong>Il percorso termina con uscita presso la frazione di Loppia,\u00a0<\/strong>un incantevole borgo un tempo villaggio di pescatori.<\/p>\n<p><strong>Maggiori informazioni:<\/strong> <a href=\"http:\/\/www.giardinidivillamelzi.it\/GIARDINI_DI_VILLA_MELZI\/HOME_PAGE_IT.html\" target=\"_blank\" rel=\"noopener noreferrer\">http:\/\/www.giardinidivillamelzi.it\/GIARDINI_DI_VILLA_MELZI\/HOME_PAGE_ENG.html<\/a><\/p>\n<\/div><\/div><\/div><\/div><\/div><\/div><div class=\"g-cols wpb_row us_custom_289f2588 via_flex valign_top type_default stacking_default\"><div class=\"vc_col-sm-6 wpb_column vc_column_container\"><div class=\"vc_column-inner\"><div class=\"wpb_wrapper\"><div class=\"wpb_text_column bellagio-content\"><div class=\"wpb_wrapper\"><h2>Villa Carlotta (Tremezzo)<\/h2>\n<\/div><\/div><div class=\"wpb_text_column bellagio-content\"><div class=\"wpb_wrapper\"><p><strong>Come arrivare: <a href=\"http:\/\/www.navigazionelaghi.it\/risultati.aspx?lake=Como\" target=\"_blank\" rel=\"noopener noreferrer\">in traghetto dall&#8217;imbarco nel centro di Bellagio<\/a><\/strong><\/p>\n<p><strong>Giardino all&#8217;italiana<\/strong>\u00a0con sviluppo intorno all&#8217;omonima villa che pu\u00f2 essere altrettanto visitata.<\/p>\n<p>ThL&#8217;edificio ospita mostre d&#8217;arte con cadenza frequente, gli arredamenti originali e varie sculture possono esssere ammirate lungo il percorso interno.<\/p>\n<p><strong>Maggiori informazioni:<\/strong> <a href=\"http:\/\/www.villacarlotta.it\/home.php?pag_id=9&amp;sez_id=13&amp;lang_id=1\" target=\"_blank\" rel=\"noopener noreferrer\">http:\/\/www.villacarlotta.it\/home.php?pag_id=9&amp;sez_id=13&amp;lang_id=2<\/a><\/p>\n<\/div><\/div><\/div><\/div><\/div><div class=\"vc_col-sm-6 wpb_column vc_column_container\"><div class=\"vc_column-inner\"><div class=\"wpb_wrapper\"><div class=\"w-image align_center\"><a ref=\"magnificPopup\" href=\"https:\/\/www.bellagiocountrysideapartment.com\/wp-content\/uploads\/2019\/02\/bellagio_villacarlotta.jpg\" aria-label=\"Appartamento Bellagio Countryside: Villa Carlotta\" class=\"w-image-h\"><img decoding=\"async\" width=\"1200\" height=\"800\" src=\"https:\/\/www.bellagiocountrysideapartment.com\/wp-content\/uploads\/2019\/02\/bellagio_villacarlotta.jpg\" class=\"attachment-us_1200_800_crop size-us_1200_800_crop\" alt=\"\" loading=\"lazy\" srcset=\"https:\/\/www.bellagiocountrysideapartment.com\/wp-content\/uploads\/2019\/02\/bellagio_villacarlotta.jpg 1200w, https:\/\/www.bellagiocountrysideapartment.com\/wp-content\/uploads\/2019\/02\/bellagio_villacarlotta-300x200.jpg 300w, https:\/\/www.bellagiocountrysideapartment.com\/wp-content\/uploads\/2019\/02\/bellagio_villacarlotta-1024x683.jpg 1024w\" sizes=\"auto, (max-width: 1200px) 100vw, 1200px\" \/><\/a><\/div><\/div><\/div><\/div><\/div><div class=\"g-cols wpb_row us_custom_289f2588 via_flex valign_top type_default stacking_default\"><div class=\"vc_col-sm-6 wpb_column vc_column_container\"><div class=\"vc_column-inner\"><div class=\"wpb_wrapper\"><div class=\"w-image align_center\"><a ref=\"magnificPopup\" href=\"https:\/\/www.bellagiocountrysideapartment.com\/wp-content\/uploads\/2019\/02\/bellagio_vezio.jpg\" aria-label=\"Appartamento Bellagio Countryside: Castello di Vezio\" class=\"w-image-h\"><img decoding=\"async\" width=\"1200\" height=\"800\" src=\"https:\/\/www.bellagiocountrysideapartment.com\/wp-content\/uploads\/2019\/02\/bellagio_vezio.jpg\" class=\"attachment-us_1200_800_crop size-us_1200_800_crop\" alt=\"\" loading=\"lazy\" srcset=\"https:\/\/www.bellagiocountrysideapartment.com\/wp-content\/uploads\/2019\/02\/bellagio_vezio.jpg 1200w, https:\/\/www.bellagiocountrysideapartment.com\/wp-content\/uploads\/2019\/02\/bellagio_vezio-300x200.jpg 300w, https:\/\/www.bellagiocountrysideapartment.com\/wp-content\/uploads\/2019\/02\/bellagio_vezio-1024x683.jpg 1024w\" sizes=\"auto, (max-width: 1200px) 100vw, 1200px\" \/><\/a><\/div><\/div><\/div><\/div><div class=\"vc_col-sm-6 wpb_column vc_column_container\"><div class=\"vc_column-inner\"><div class=\"wpb_wrapper\"><div class=\"wpb_text_column bellagio-content\"><div class=\"wpb_wrapper\"><h2>Castello di Vezio (Varenna)<\/h2>\n<\/div><\/div><div class=\"wpb_text_column bellagio-content\"><div class=\"wpb_wrapper\"><p><strong>Come arrivare: <a href=\"http:\/\/www.navigazionelaghi.it\/risultati.aspx?lake=Como\" target=\"_blank\" rel=\"noopener noreferrer\">in traghetto<\/a> e <a href=\"https:\/\/goo.gl\/maps\/i6YiCyp7cZp\" target=\"_blank\" rel=\"noopener noreferrer\">a piedi da Varenna<\/a><\/strong><\/p>\n<p><strong>Il castello \u00e8 a soli 10 minuti di cammino, nella parte alta di Varenna,<\/strong>\u00a0nella piccola frazione di Vezio.<\/p>\n<p><strong>Circondato da un villaggio caratteristico e su una collina coltivata ad ulivi, <\/strong>\u00a0con entrata a pagamento.<\/p>\n<p>Sarete in grado di visitare quanto rimane delle mura originarie del castello e assistere a uno spettacolo di falconeria.<\/p>\n<p>Dalla torre e dalle mura esterne potrete ammirare\u00a0<strong>un panorama mozzafiato che si estende sui rami di\u00a0 Lecco e Como.<\/strong><\/p>\n<p><strong>Maggiori informazioni:<\/strong> <a href=\"http:\/\/www.castellodivezio.it\/IT\/home-it.html\" target=\"_blank\" rel=\"noopener noreferrer\">http:\/\/www.castellodivezio.it\/EN\/home-en.html<\/a><\/p>\n<\/div><\/div><\/div><\/div><\/div><\/div><div class=\"g-cols wpb_row us_custom_289f2588 via_flex valign_top type_default stacking_default\"><div class=\"vc_col-sm-6 wpb_column vc_column_container\"><div class=\"vc_column-inner\"><div class=\"wpb_wrapper\"><div class=\"wpb_text_column bellagio-content\"><div class=\"wpb_wrapper\"><h2>Villa Balbianello (Lenno)<\/h2>\n<\/div><\/div><div class=\"wpb_text_column bellagio-content\"><div class=\"wpb_wrapper\"><p><strong>Come arrivare: <a href=\"http:\/\/www.navigazionelaghi.it\/risultati.aspx?lake=Como\" target=\"_blank\" rel=\"noopener noreferrer\">in traghetto dal centro di Bellagio<\/a><\/strong><\/p>\n<p><strong>Incantevole villa<\/strong><strong>,<\/strong> eretta alla fine del 18\u00b0 secolo,\u00a0<strong>conosciuta in tutto il mondo come location per matrimoni da sogno e sede delle riprese di una scena del film &#8220;Guerre Stellari l&#8217;Attacco dei Cloni&#8221;, <\/strong>circondata da giardini in stile si erge sul promontoprio di Lavedo offrendo una vista eccezionale del lago e della baia di Lenno.<\/p>\n<p><strong>Sia i giardini che gli interni della villa sono aperti al pubblico.<\/strong><\/p>\n<p><strong>Maggiori informazioni:<\/strong> <a href=\"https:\/\/www.fondoambiente.it\/luoghi\/villa-del-balbianello\" target=\"_blank\" rel=\"noopener noreferrer\">https:\/\/www.fondoambiente.it\/villa-del-balbianello-eng<\/a><\/p>\n<\/div><\/div><\/div><\/div><\/div><div class=\"vc_col-sm-6 wpb_column vc_column_container\"><div class=\"vc_column-inner\"><div class=\"wpb_wrapper\"><div class=\"w-image align_center\"><a ref=\"magnificPopup\" href=\"https:\/\/www.bellagiocountrysideapartment.com\/wp-content\/uploads\/2019\/02\/bellagio_balbianello.jpg\" aria-label=\"Appartamento Bellagio Countryside: Villa Balbianello\" class=\"w-image-h\"><img decoding=\"async\" width=\"1200\" height=\"800\" src=\"https:\/\/www.bellagiocountrysideapartment.com\/wp-content\/uploads\/2019\/02\/bellagio_balbianello.jpg\" class=\"attachment-us_1200_800_crop size-us_1200_800_crop\" alt=\"\" loading=\"lazy\" srcset=\"https:\/\/www.bellagiocountrysideapartment.com\/wp-content\/uploads\/2019\/02\/bellagio_balbianello.jpg 1200w, https:\/\/www.bellagiocountrysideapartment.com\/wp-content\/uploads\/2019\/02\/bellagio_balbianello-300x200.jpg 300w, https:\/\/www.bellagiocountrysideapartment.com\/wp-content\/uploads\/2019\/02\/bellagio_balbianello-1024x683.jpg 1024w\" sizes=\"auto, (max-width: 1200px) 100vw, 1200px\" \/><\/a><\/div><\/div><\/div><\/div><\/div><\/div><\/div><\/div><\/div><\/div><\/section>\n","protected":false},"excerpt":{"rendered":"BELLAGIO E DINTORNI Bellagio,\u00a0conosciuta anche come &#8220;La Perla del Lago di Como&#8221;, \u00e8 punto ideale di partenza\u00a0per le vostre escursioni e attivit\u00e0. Una camminata per il centro del borgo costellato dalle tipiche strade e salite a ciottoli sar\u00e0 occasione per scoprire caff\u00e8, bar, ristoranti, negozi ae molti punti di interesse quali la parte terminale del...","protected":false},"author":1,"featured_media":0,"parent":0,"menu_order":0,"comment_status":"closed","ping_status":"closed","template":"","meta":{"footnotes":""},"class_list":["post-411","page","type-page","status-publish","hentry"],"_links":{"self":[{"href":"https:\/\/www.bellagiocountrysideapartment.com\/it\/wp-json\/wp\/v2\/pages\/411","targetHints":{"allow":["GET"]}}],"collection":[{"href":"https:\/\/www.bellagiocountrysideapartment.com\/it\/wp-json\/wp\/v2\/pages"}],"about":[{"href":"https:\/\/www.bellagiocountrysideapartment.com\/it\/wp-json\/wp\/v2\/types\/page"}],"author":[{"embeddable":true,"href":"https:\/\/www.bellagiocountrysideapartment.com\/it\/wp-json\/wp\/v2\/users\/1"}],"replies":[{"embeddable":true,"href":"https:\/\/www.bellagiocountrysideapartment.com\/it\/wp-json\/wp\/v2\/comments?post=411"}],"version-history":[{"count":22,"href":"https:\/\/www.bellagiocountrysideapartment.com\/it\/wp-json\/wp\/v2\/pages\/411\/revisions"}],"predecessor-version":[{"id":893,"href":"https:\/\/www.bellagiocountrysideapartment.com\/it\/wp-json\/wp\/v2\/pages\/411\/revisions\/893"}],"wp:attachment":[{"href":"https:\/\/www.bellagiocountrysideapartment.com\/it\/wp-json\/wp\/v2\/media?parent=411"}],"curies":[{"name":"wp","href":"https:\/\/api.w.org\/{rel}","templated":true}]}}